{"id":986,"date":"2015-03-14T09:47:10","date_gmt":"2015-03-14T09:47:10","guid":{"rendered":"http:\/\/www.pavolbreslik.com\/?page_id=986"},"modified":"2015-03-14T10:01:11","modified_gmt":"2015-03-14T10:01:11","slug":"english-orfeo-neuheiten-franz-schubert-die-schoene-muellerin","status":"publish","type":"page","link":"https:\/\/www.pavolbreslik.com\/en\/english-orfeo-neuheiten-franz-schubert-die-schoene-muellerin\/","title":{"rendered":"New CD &#8211; Franz Schubert &#8211; Die sch\u00f6ne M\u00fcllerin"},"content":{"rendered":"<p><\/p>\n<p><i>M\u00e4rz 2015<\/i><\/p>\n<h4>ORFEO International Neuheiten<\/h4>\n<h3>Franz Schubert &#8211; Die sch\u00f6ne M\u00fcllerin<\/h3>\n<p><a href=\"http:\/\/www.amazon.de\/gp\/product\/B00T6BDW6I\/ref=s9_simh_bw_p15_d2_i1?pf_rd_m=A3JWKAKR8XB7XF&amp;pf_rd_s=merchandised-search-2&amp;pf_rd_r=00A7K93M6CXBQ92VGZB6&amp;pf_rd_t=101&amp;pf_rd_p=467822227&amp;pf_rd_i=255966\"><img loading=\"lazy\" decoding=\"async\" class=\"alignnone size-thumbnail wp-image-993\" alt=\"cd-schoene-muellerin\" src=\"https:\/\/www.pavolbreslik.com\/wp-content\/uploads\/cd-schoene-muellerin-240x240.jpg\" width=\"240\" height=\"240\" srcset=\"https:\/\/www.pavolbreslik.com\/wp-content\/uploads\/cd-schoene-muellerin-240x240.jpg 240w, https:\/\/www.pavolbreslik.com\/wp-content\/uploads\/cd-schoene-muellerin-480x480.jpg 480w, https:\/\/www.pavolbreslik.com\/wp-content\/uploads\/cd-schoene-muellerin-980x980.jpg 980w, https:\/\/www.pavolbreslik.com\/wp-content\/uploads\/cd-schoene-muellerin.jpg 1500w\" sizes=\"auto, (max-width: 240px) 100vw, 240px\" \/><\/a><\/p>\n<p>Auf der Opernb\u00fchne geh\u00f6rt Pavol Breslik schon seit L\u00e4ngerem zu den international begehrtesten Ten\u00f6ren im lyrischen Fach, ohne dabei den Konzert- und Liedgesang zu vernachl\u00e4ssigen. Mit seinem jugendlichen und zugleich m\u00e4nnlichen, mit der Klarheit jedes Tones f\u00fcr sich einnehmenden und weder \u00fcbertrieben hellen noch baritonal abgedunkelten Timbre scheint Breslik geradezu pr\u00e4destiniert, <i>Die sch\u00f6ne M\u00fcllerin <\/i>von Franz Schubert nach Wilhelm M\u00fcllers Gedichtzyklus zu singen. <a href=\"http:\/\/www.orfeo-international.de\/pages\/cd_c737151a.html\"><br \/><\/a>Mitrei\u00dfend begibt er sich nun (in einer neuen Studioaufnahme) auf den Weg des M\u00fcllerburschen mit seiner Verliebtheit in die Tochter des Meisters, mit seiner Entt\u00e4uschung, Verzweiflung und schlie\u00dflich seinem Aufgeben angesichts von Treulosigkeit und Verrat. All dies kann Pavol Breslik, bei hervorragender Textbehandlung, mit einer in allen Nuancen wie selbstverst\u00e4ndlichen Phrasierung zum Ausdruck bringen: vom frischen <i>attaca<\/i>-Einstieg bis zum Schluss, dem in gro\u00dfen Legato-B\u00f6gen gesungenen Wiegenlied des Baches. Dieser nimmt, gleichsam als der st\u00e4ndige Begleiter des M\u00fcllerburschen, durch Amir Katz am Konzertfl\u00fcgel eine nicht weniger beredsame Gestalt an: frei von allen Tr\u00fcbungen (des Pedals) akzentuiert der versierte Konzert- und Kammermusikpianist, wie reich Schubert Musik ist, und zwar vor allem an unterschiedlichen Bewegungen, \u00fcberraschenden Windungen und Wendungen, vom unb\u00e4ndigen Dahinstr\u00f6men bis zum abschlie\u00dfenden Stillstand, bei dem sich die Wogen scheinbar gl\u00e4tten. Und wie der Bach als Widerpart des M\u00fcllerburschen bietet diese Interpretation, weit \u00fcber die aufregende Motorik hinaus, eine F\u00fclle von Abstufungen von oben nach unten und in den Lautst\u00e4rkegraden, die besonders in den unabgewandelten Strophen-Liedern ein Maximum an Abwechslung erm\u00f6glichen, ohne dass dies eine Selbstzweck w\u00fcrde. Alles steht immer in Verbindung mit den textlich benannten Stimmungen und Umschw\u00fcngen im Gef\u00fchlsleben des M\u00fcllerburschen. Durch den spannenden musikalischen Dialog von Breslik und Katz (die diesen Weg demn\u00e4chst im Konzertsaal noch \u00f6fters gemeinsam beschreiten werden) klingt dieser beliebte Liedzyklus von Schubert so lebensnah und lebendig, wie es sich wohl alle nur w\u00fcnschen k\u00f6nnen, die das Kunstlied sch\u00e4tzen.<\/p>\n<p><b><a href=\"http:\/\/www.orfeo-international.de\/pages\/cd_c737151a.html\" target=\"_blank\">&gt;&gt; ORFEO Homepage<\/a><\/b><\/p>\n<p><b><a href=\"http:\/\/www.amazon.de\/gp\/product\/B00T6BDW6I\/ref=s9_simh_bw_p15_d2_i1?pf_rd_m=A3JWKAKR8XB7XF&amp;pf_rd_s=merchandised-search-2&amp;pf_rd_r=00A7K93M6CXBQ92VGZB6&amp;pf_rd_t=101&amp;pf_rd_p=467822227&amp;pf_rd_i=255966\" target=\"_blank\">&gt;&gt; Buy at Amazon<\/a><\/b><\/p>\n<p><\/p>","protected":false},"excerpt":{"rendered":"<p>M\u00e4rz 2015 ORFEO International Neuheiten Franz Schubert &#8211; Die sch\u00f6ne M\u00fcllerin Auf der Opernb\u00fchne geh\u00f6rt Pavol Breslik schon seit L\u00e4ngerem zu den international begehrtesten Ten\u00f6ren im lyrischen Fach, ohne dabei den Konzert- und Liedgesang zu vernachl\u00e4ssigen. Mit seinem jugendlichen und &hellip; <a href=\"https:\/\/www.pavolbreslik.com\/en\/english-orfeo-neuheiten-franz-schubert-die-schoene-muellerin\/\">Continue reading <span class=\"meta-nav\">&rarr;<\/span><\/a><\/p>\n","protected":false},"author":1,"featured_media":0,"parent":0,"menu_order":0,"comment_status":"closed","ping_status":"open","template":"","meta":{"_acf_changed":false,"ngg_post_thumbnail":0,"footnotes":""},"class_list":["post-986","page","type-page","status-publish","hentry"],"acf":[],"_links":{"self":[{"href":"https:\/\/www.pavolbreslik.com\/en\/wp-json\/wp\/v2\/pages\/986","targetHints":{"allow":["GET"]}}],"collection":[{"href":"https:\/\/www.pavolbreslik.com\/en\/wp-json\/wp\/v2\/pages"}],"about":[{"href":"https:\/\/www.pavolbreslik.com\/en\/wp-json\/wp\/v2\/types\/page"}],"author":[{"embeddable":true,"href":"https:\/\/www.pavolbreslik.com\/en\/wp-json\/wp\/v2\/users\/1"}],"replies":[{"embeddable":true,"href":"https:\/\/www.pavolbreslik.com\/en\/wp-json\/wp\/v2\/comments?post=986"}],"version-history":[{"count":8,"href":"https:\/\/www.pavolbreslik.com\/en\/wp-json\/wp\/v2\/pages\/986\/revisions"}],"predecessor-version":[{"id":995,"href":"https:\/\/www.pavolbreslik.com\/en\/wp-json\/wp\/v2\/pages\/986\/revisions\/995"}],"wp:attachment":[{"href":"https:\/\/www.pavolbreslik.com\/en\/wp-json\/wp\/v2\/media?parent=986"}],"curies":[{"name":"wp","href":"https:\/\/api.w.org\/{rel}","templated":true}]}}